{"id":113,"date":"2019-03-24T15:09:55","date_gmt":"2019-03-24T14:09:55","guid":{"rendered":"http:\/\/boris-guignard.com\/?page_id=113"},"modified":"2019-03-24T17:36:53","modified_gmt":"2019-03-24T16:36:53","slug":"mention-slegales","status":"publish","type":"page","link":"https:\/\/boris-guignard.com\/index.php\/mention-slegales\/","title":{"rendered":"Mentions l\u00e9gales"},"content":{"rendered":"\n<p>Siege Sociale :<\/p>\n\n\n\n<p>Boris Guignard 10 rue de l&#8217;Egalit\u00e9 45110 Ch\u00e2teauneuf sur Loire<\/p>\n\n\n\n<p>contact@boris.guignard.com  \/ 0613050484<\/p>\n\n\n\n<p>SIREN : 849 239 298       SIRET : 84923929800011<\/p>\n\n\n\n<p>APE : 9609Z                             Activit\u00e9 lib\u00e9rale<\/p>\n\n\n\n<p>S<br>SITE <\/p>\n\n\n\n<p>Propri\u00e9taire : Boris Guignard<br>Webmaster b\u00e9n\u00e9vole : Boris Guignard<\/p>\n\n\n\n<p>H\u00e9bergeur : OVH SAS <br>SAS au capital de 10 069 020 \u20ac         RCS Lille M\u00e9tropole 424 761 419 00045         Code APE 2620Z         N\u00b0 TVA : FR 22 424 761 419         Si\u00e8ge social : 2 rue Kellermann &#8211; 59100 Roubaix &#8211; France <br><\/p>\n","protected":false},"excerpt":{"rendered":"<p>Siege Sociale : Boris Guignard 10 rue de l&#8217;Egalit\u00e9 45110 Ch\u00e2teauneuf sur Loire contact@boris.guignard.com \/ 0613050484 SIREN : 849 239 298 SIRET : 84923929800011 APE : 9609Z Activit\u00e9 lib\u00e9rale SSITE Propri\u00e9taire : Boris GuignardWebmaster b\u00e9n\u00e9vole : Boris Guignard H\u00e9bergeur : OVH SAS SAS au capital de 10 069 020 \u20ac RCS Lille M\u00e9tropole 424 761 [&hellip;]<\/p>\n","protected":false},"author":1,"featured_media":0,"parent":0,"menu_order":0,"comment_status":"closed","ping_status":"closed","template":"","meta":{"footnotes":""},"class_list":["post-113","page","type-page","status-publish","hentry"],"_links":{"self":[{"href":"https:\/\/boris-guignard.com\/index.php\/wp-json\/wp\/v2\/pages\/113","targetHints":{"allow":["GET"]}}],"collection":[{"href":"https:\/\/boris-guignard.com\/index.php\/wp-json\/wp\/v2\/pages"}],"about":[{"href":"https:\/\/boris-guignard.com\/index.php\/wp-json\/wp\/v2\/types\/page"}],"author":[{"embeddable":true,"href":"https:\/\/boris-guignard.com\/index.php\/wp-json\/wp\/v2\/users\/1"}],"replies":[{"embeddable":true,"href":"https:\/\/boris-guignard.com\/index.php\/wp-json\/wp\/v2\/comments?post=113"}],"version-history":[{"count":3,"href":"https:\/\/boris-guignard.com\/index.php\/wp-json\/wp\/v2\/pages\/113\/revisions"}],"predecessor-version":[{"id":119,"href":"https:\/\/boris-guignard.com\/index.php\/wp-json\/wp\/v2\/pages\/113\/revisions\/119"}],"wp:attachment":[{"href":"https:\/\/boris-guignard.com\/index.php\/wp-json\/wp\/v2\/media?parent=113"}],"curies":[{"name":"wp","href":"https:\/\/api.w.org\/{rel}","templated":true}]}}