{"id":16,"date":"2019-02-28T19:03:54","date_gmt":"2019-02-28T18:03:54","guid":{"rendered":"http:\/\/boris-guignard.com\/?page_id=16"},"modified":"2023-04-05T12:42:08","modified_gmt":"2023-04-05T10:42:08","slug":"a-propos-de","status":"publish","type":"page","link":"https:\/\/boris-guignard.com\/index.php\/a-propos-de\/","title":{"rendered":"Votre Coach"},"content":{"rendered":"\n<p><strong> Coach Certifi\u00e9 depuis 2012 : accompagnement et mentoring de la surefficience <\/strong><br><\/p>\n\n\n\n<p><strong>Cr\u00e9ateur d&#8217;outils d&#8217;optimisation en Processus de cr\u00e9ation individuel<\/strong><\/p>\n\n\n\n<p><strong>Membre d&#8217;<a href=\"https:\/\/intelligences-alternatives.com\/\">Intelligences Alternatives<\/a><\/strong><\/p>\n","protected":false},"excerpt":{"rendered":"<p>Coach Certifi\u00e9 depuis 2012 : accompagnement et mentoring de la surefficience Cr\u00e9ateur d&#8217;outils d&#8217;optimisation en Processus de cr\u00e9ation individuel Membre d&#8217;Intelligences Alternatives<\/p>\n","protected":false},"author":1,"featured_media":48,"parent":0,"menu_order":0,"comment_status":"closed","ping_status":"closed","template":"","meta":{"footnotes":""},"class_list":["post-16","page","type-page","status-publish","has-post-thumbnail","hentry"],"_links":{"self":[{"href":"https:\/\/boris-guignard.com\/index.php\/wp-json\/wp\/v2\/pages\/16","targetHints":{"allow":["GET"]}}],"collection":[{"href":"https:\/\/boris-guignard.com\/index.php\/wp-json\/wp\/v2\/pages"}],"about":[{"href":"https:\/\/boris-guignard.com\/index.php\/wp-json\/wp\/v2\/types\/page"}],"author":[{"embeddable":true,"href":"https:\/\/boris-guignard.com\/index.php\/wp-json\/wp\/v2\/users\/1"}],"replies":[{"embeddable":true,"href":"https:\/\/boris-guignard.com\/index.php\/wp-json\/wp\/v2\/comments?post=16"}],"version-history":[{"count":15,"href":"https:\/\/boris-guignard.com\/index.php\/wp-json\/wp\/v2\/pages\/16\/revisions"}],"predecessor-version":[{"id":294,"href":"https:\/\/boris-guignard.com\/index.php\/wp-json\/wp\/v2\/pages\/16\/revisions\/294"}],"wp:featuredmedia":[{"embeddable":true,"href":"https:\/\/boris-guignard.com\/index.php\/wp-json\/wp\/v2\/media\/48"}],"wp:attachment":[{"href":"https:\/\/boris-guignard.com\/index.php\/wp-json\/wp\/v2\/media?parent=16"}],"curies":[{"name":"wp","href":"https:\/\/api.w.org\/{rel}","templated":true}]}}