{"id":83,"date":"2019-03-10T17:10:06","date_gmt":"2019-03-10T16:10:06","guid":{"rendered":"http:\/\/boris-guignard.com\/?page_id=83"},"modified":"2020-11-11T17:06:27","modified_gmt":"2020-11-11T16:06:27","slug":"prestations","status":"publish","type":"page","link":"https:\/\/boris-guignard.com\/index.php\/prestations\/","title":{"rendered":"Prestations"},"content":{"rendered":"\n<p class=\"has-text-align-center\"><strong>S\u00e9ance individuelle par t\u00e9l\u00e9phone \/ Skype  \/ face \u00e0 face<\/strong>                                    <\/p>\n\n\n\n<p><br> Premi\u00e8re s\u00e9ance gratuite et sans engagement<br><\/p>\n\n\n\n<p>Si vos capacit\u00e9s financi\u00e8res sont limit\u00e9es (ch\u00f4mage, \u00e9tudiant, etc.), un tarif adapt\u00e9 peut \u00eatre envisag\u00e9.&nbsp; <\/p>\n\n\n\n<p>Nous conviendrons ensemble des modalit\u00e9s en fonction de votre attente et de vos disponibilit\u00e9s<\/p>\n\n\n\n<p>Pour les entreprises, merci de demander un contact pour un devis .<\/p>\n","protected":false},"excerpt":{"rendered":"<p>S\u00e9ance individuelle par t\u00e9l\u00e9phone \/ Skype \/ face \u00e0 face Premi\u00e8re s\u00e9ance gratuite et sans engagement Si vos capacit\u00e9s financi\u00e8res sont limit\u00e9es (ch\u00f4mage, \u00e9tudiant, etc.), un tarif adapt\u00e9 peut \u00eatre envisag\u00e9.&nbsp; Nous conviendrons ensemble des modalit\u00e9s en fonction de votre attente et de vos disponibilit\u00e9s Pour les entreprises, merci de demander un contact pour un [&hellip;]<\/p>\n","protected":false},"author":1,"featured_media":49,"parent":0,"menu_order":0,"comment_status":"closed","ping_status":"closed","template":"","meta":{"footnotes":""},"class_list":["post-83","page","type-page","status-publish","has-post-thumbnail","hentry"],"_links":{"self":[{"href":"https:\/\/boris-guignard.com\/index.php\/wp-json\/wp\/v2\/pages\/83","targetHints":{"allow":["GET"]}}],"collection":[{"href":"https:\/\/boris-guignard.com\/index.php\/wp-json\/wp\/v2\/pages"}],"about":[{"href":"https:\/\/boris-guignard.com\/index.php\/wp-json\/wp\/v2\/types\/page"}],"author":[{"embeddable":true,"href":"https:\/\/boris-guignard.com\/index.php\/wp-json\/wp\/v2\/users\/1"}],"replies":[{"embeddable":true,"href":"https:\/\/boris-guignard.com\/index.php\/wp-json\/wp\/v2\/comments?post=83"}],"version-history":[{"count":4,"href":"https:\/\/boris-guignard.com\/index.php\/wp-json\/wp\/v2\/pages\/83\/revisions"}],"predecessor-version":[{"id":196,"href":"https:\/\/boris-guignard.com\/index.php\/wp-json\/wp\/v2\/pages\/83\/revisions\/196"}],"wp:featuredmedia":[{"embeddable":true,"href":"https:\/\/boris-guignard.com\/index.php\/wp-json\/wp\/v2\/media\/49"}],"wp:attachment":[{"href":"https:\/\/boris-guignard.com\/index.php\/wp-json\/wp\/v2\/media?parent=83"}],"curies":[{"name":"wp","href":"https:\/\/api.w.org\/{rel}","templated":true}]}}